{"id":32,"date":"2025-11-04T21:40:55","date_gmt":"2025-11-04T21:40:55","guid":{"rendered":"https:\/\/2577099.tim-cstj.ca\/domaine\/wptest\/?page_id=32"},"modified":"2025-11-04T21:44:55","modified_gmt":"2025-11-04T21:44:55","slug":"accueil","status":"publish","type":"page","link":"https:\/\/2577099.tim-cstj.ca\/domaine\/wptest\/index.php\/accueil\/","title":{"rendered":"Accueil"},"content":{"rendered":"\n<figure class=\"wp-block-image size-large\"><img loading=\"lazy\" decoding=\"async\" width=\"1024\" height=\"701\" src=\"https:\/\/2577099.tim-cstj.ca\/domaine\/wptest\/wp-content\/uploads\/2025\/11\/garderie-1024x701.png\" alt=\"image garderie\" class=\"wp-image-40\" srcset=\"https:\/\/2577099.tim-cstj.ca\/domaine\/wptest\/wp-content\/uploads\/2025\/11\/garderie-1024x701.png 1024w, https:\/\/2577099.tim-cstj.ca\/domaine\/wptest\/wp-content\/uploads\/2025\/11\/garderie-300x205.png 300w, https:\/\/2577099.tim-cstj.ca\/domaine\/wptest\/wp-content\/uploads\/2025\/11\/garderie-768x526.png 768w, https:\/\/2577099.tim-cstj.ca\/domaine\/wptest\/wp-content\/uploads\/2025\/11\/garderie.png 1052w\" sizes=\"auto, (max-width: 1024px) 100vw, 1024px\" \/><\/figure>\n\n\n\n<p>Bienvenue \u00e0 La GardeTIM !<\/p>\n\n\n\n<p>La GardeTIM est une garderie chaleureuse et accueillante, o\u00f9 chaque enfant peut s\u2019\u00e9panouir \u00e0 son propre rythme. Nous offrons un environnement s\u00e9curitaire et stimulant, favorisant l\u2019apprentissage \u00e0 travers des activit\u00e9s ludiques et \u00e9ducatives. Notre \u00e9quipe d\u2019\u00e9ducatrices passionn\u00e9es met tout en \u0153uvre pour soutenir le d\u00e9veloppement social, \u00e9motionnel et cognitif des tout-petits, tout en cr\u00e9ant un lien fort avec les familles.<\/p>\n\n\n\n<p>Explorez notre site pour d\u00e9couvrir nos activit\u00e9s, notre approche p\u00e9dagogique et les \u00e9v\u00e9nements sp\u00e9ciaux que nous organisons tout au long de l\u2019ann\u00e9e.<br><br>Pour toute inscription, veuillez compl\u00e9ter le formulaire suivant&nbsp;:<\/p>\n\n\n\n<div class=\"wp-block-file\"><a id=\"wp-block-file--media-7fabb61a-c161-4581-a7a7-344c4331fa42\" href=\"https:\/\/2577099.tim-cstj.ca\/domaine\/wptest\/wp-content\/uploads\/2025\/11\/Formulaire_inscription.pdf\">Formulaire d&rsquo;inscription<\/a><a href=\"https:\/\/2577099.tim-cstj.ca\/domaine\/wptest\/wp-content\/uploads\/2025\/11\/Formulaire_inscription.pdf\" class=\"wp-block-file__button wp-element-button\" download aria-describedby=\"wp-block-file--media-7fabb61a-c161-4581-a7a7-344c4331fa42\">T\u00e9l\u00e9charger<\/a><\/div>\n\n\n\n<p><\/p>\n","protected":false},"excerpt":{"rendered":"<p>Bienvenue \u00e0 La GardeTIM ! La GardeTIM est une garderie chaleureuse et accueillante, o\u00f9 chaque enfant peut s\u2019\u00e9panouir \u00e0 son propre rythme. Nous offrons un environnement s\u00e9curitaire et stimulant, favorisant l\u2019apprentissage \u00e0 travers des activit\u00e9s ludiques et \u00e9ducatives. Notre \u00e9quipe d\u2019\u00e9ducatrices passionn\u00e9es met tout en \u0153uvre pour soutenir le d\u00e9veloppement social, \u00e9motionnel et cognitif des [&hellip;]<\/p>\n","protected":false},"author":1,"featured_media":0,"parent":0,"menu_order":0,"comment_status":"closed","ping_status":"closed","template":"","meta":{"footnotes":""},"class_list":["post-32","page","type-page","status-publish","hentry"],"_links":{"self":[{"href":"https:\/\/2577099.tim-cstj.ca\/domaine\/wptest\/index.php\/wp-json\/wp\/v2\/pages\/32","targetHints":{"allow":["GET"]}}],"collection":[{"href":"https:\/\/2577099.tim-cstj.ca\/domaine\/wptest\/index.php\/wp-json\/wp\/v2\/pages"}],"about":[{"href":"https:\/\/2577099.tim-cstj.ca\/domaine\/wptest\/index.php\/wp-json\/wp\/v2\/types\/page"}],"author":[{"embeddable":true,"href":"https:\/\/2577099.tim-cstj.ca\/domaine\/wptest\/index.php\/wp-json\/wp\/v2\/users\/1"}],"replies":[{"embeddable":true,"href":"https:\/\/2577099.tim-cstj.ca\/domaine\/wptest\/index.php\/wp-json\/wp\/v2\/comments?post=32"}],"version-history":[{"count":2,"href":"https:\/\/2577099.tim-cstj.ca\/domaine\/wptest\/index.php\/wp-json\/wp\/v2\/pages\/32\/revisions"}],"predecessor-version":[{"id":43,"href":"https:\/\/2577099.tim-cstj.ca\/domaine\/wptest\/index.php\/wp-json\/wp\/v2\/pages\/32\/revisions\/43"}],"wp:attachment":[{"href":"https:\/\/2577099.tim-cstj.ca\/domaine\/wptest\/index.php\/wp-json\/wp\/v2\/media?parent=32"}],"curies":[{"name":"wp","href":"https:\/\/api.w.org\/{rel}","templated":true}]}}