{"id":37,"date":"2025-11-04T21:44:00","date_gmt":"2025-11-04T21:44:00","guid":{"rendered":"https:\/\/2577099.tim-cstj.ca\/domaine\/wptest\/?page_id=37"},"modified":"2025-11-04T21:44:00","modified_gmt":"2025-11-04T21:44:00","slug":"nous-contacter","status":"publish","type":"page","link":"https:\/\/2577099.tim-cstj.ca\/domaine\/wptest\/index.php\/nous-contacter\/","title":{"rendered":"Nous contacter"},"content":{"rendered":"\n<p>Nous serions ravis de r\u00e9pondre \u00e0 toutes vos questions ou de planifier une visite \u00e0 La GardeTIM. N\u2019h\u00e9sitez pas \u00e0 nous contacter par t\u00e9l\u00e9phone, par courriel ou \u00e0 venir nous rencontrer directement \u00e0 notre adresse.<\/p>\n\n\n\n\n\n<p><\/p>\n","protected":false},"excerpt":{"rendered":"<p>Nous serions ravis de r\u00e9pondre \u00e0 toutes vos questions ou de planifier une visite \u00e0 La GardeTIM. N\u2019h\u00e9sitez pas \u00e0 nous contacter par t\u00e9l\u00e9phone, par courriel ou \u00e0 venir nous rencontrer directement \u00e0 notre adresse.<\/p>\n","protected":false},"author":1,"featured_media":0,"parent":0,"menu_order":0,"comment_status":"closed","ping_status":"closed","template":"","meta":{"footnotes":""},"class_list":["post-37","page","type-page","status-publish","hentry"],"_links":{"self":[{"href":"https:\/\/2577099.tim-cstj.ca\/domaine\/wptest\/index.php\/wp-json\/wp\/v2\/pages\/37","targetHints":{"allow":["GET"]}}],"collection":[{"href":"https:\/\/2577099.tim-cstj.ca\/domaine\/wptest\/index.php\/wp-json\/wp\/v2\/pages"}],"about":[{"href":"https:\/\/2577099.tim-cstj.ca\/domaine\/wptest\/index.php\/wp-json\/wp\/v2\/types\/page"}],"author":[{"embeddable":true,"href":"https:\/\/2577099.tim-cstj.ca\/domaine\/wptest\/index.php\/wp-json\/wp\/v2\/users\/1"}],"replies":[{"embeddable":true,"href":"https:\/\/2577099.tim-cstj.ca\/domaine\/wptest\/index.php\/wp-json\/wp\/v2\/comments?post=37"}],"version-history":[{"count":1,"href":"https:\/\/2577099.tim-cstj.ca\/domaine\/wptest\/index.php\/wp-json\/wp\/v2\/pages\/37\/revisions"}],"predecessor-version":[{"id":42,"href":"https:\/\/2577099.tim-cstj.ca\/domaine\/wptest\/index.php\/wp-json\/wp\/v2\/pages\/37\/revisions\/42"}],"wp:attachment":[{"href":"https:\/\/2577099.tim-cstj.ca\/domaine\/wptest\/index.php\/wp-json\/wp\/v2\/media?parent=37"}],"curies":[{"name":"wp","href":"https:\/\/api.w.org\/{rel}","templated":true}]}}